{"id":24062,"date":"2020-01-30T14:59:36","date_gmt":"2020-01-30T13:59:36","guid":{"rendered":"https:\/\/www.luxury-club.fr\/reseau-47\/"},"modified":"2020-01-30T14:59:36","modified_gmt":"2020-01-30T13:59:36","slug":"reseau","status":"publish","type":"page","link":"https:\/\/www.luxury-club.fr\/en\/reseau\/","title":{"rendered":"Reseau"},"content":{"rendered":"<p>&nbsp;<\/p>\n<ul>\n<li>EcoloRent, location de voiture \u00e9cologique, hybride, avec ou sans chauffeur :\u00a0<a href=\"http:\/\/www.location-voiture-ecologique.com\/\" target=\"_blank\" rel=\"noopener noreferrer\">www.location-voiture-ecologique.com<\/a><\/li>\n<li>Ebullitions.com, guide de restaurants \u00e0 Paris :\u00a0<a href=\"http:\/\/www.ebullitions.com\/\" target=\"_blank\" rel=\"noopener noreferrer\">www.ebullitions.com<\/a><\/li>\n<li><a href=\"https:\/\/www.autobhl.com\/\" target=\"_blank\" rel=\"noopener noreferrer\">Autobhl<\/a>, mandataire automobile \u00e0 proximit\u00e9 de Lille<\/li>\n<li><a href=\"https:\/\/www.croisieres.fr\/\" target=\"_blank\" rel=\"noopener noreferrer\">AAR Croisi\u00e8re<\/a>, Croisi\u00e8res discount et croisi\u00e8res de luxe :\u00a0<a href=\"https:\/\/www.croisieres.fr\/\" target=\"_blank\" rel=\"noopener noreferrer\">www.aarcroisiere.com<\/a><\/li>\n<li>Voyagidees.com :\u00a0<a title=\"Guide de voyage\" href=\"https:\/\/www.voyagidees.com\/\" target=\"_blank\" rel=\"noopener noreferrer\">votre Guide de voyage<\/a><\/li>\n<li>LuxeMilliardaire.com :\u00a0<a title=\"LuxeMilliardaire.com\" href=\"https:\/\/www.luxemilliardaire.com\/\" target=\"_blank\" rel=\"noopener noreferrer\">blog d\u00e9di\u00e9 au monde du luxe, des multi-millionnaires et milliardaires de ce monde<\/a><\/li>\n<li>Oxygene-ski .com, Consid\u00e9r\u00e9e par le public comme faisant partie des meilleures \u00e9cole de ski de sa g\u00e9n\u00e9ration, Oxyg\u00e8ne est membre de l&#8217;ESI :\u00a0www.oxygene-ski.com<\/li>\n<li>Poker et Casino en ligne : le\u00a0<a href=\"http:\/\/www.professeurpoker.com\/\" target=\"_blank\" rel=\"noopener noreferrer\">Poker<\/a>\u00a0et le\u00a0<a href=\"http:\/\/www.revuedecasino.com\/\" target=\"_blank\" rel=\"noopener noreferrer\">Casino en Ligne<\/a>\u00a0sont la marque du succ\u00e8s !<\/li>\n<li>Mavillaimmobiliere.com :\u00a0<a href=\"https:\/\/www.mavillaimmobiliere.com\/\" target=\"_blank\" rel=\"noopener noreferrer\">Immobilier Luxe Tunisie<\/a><\/li>\n<li>Croisieres.fr : Envie d&#8217;un voyage original ? D\u00e9couvrez les croisieres avec\u00a0<a href=\"https:\/\/www.croisieres.fr\/\" target=\"_blank\" rel=\"noopener noreferrer\">croisieres.fr<\/a><\/li>\n<li>Envoyersms.eu : Envoyer des\u00a0<a title=\"SMS\" href=\"https:\/\/www.envoyersms.eu\/\" target=\"_blank\" rel=\"noopener noreferrer\">SMS<\/a>\u00a0gratuit en France depuis votre PC.<\/li>\n<li>Acwd.Fr :\u00a0<a href=\"https:\/\/acwd.fr\/\" target=\"_blank\" rel=\"noopener noreferrer\">Conception de site internet<\/a><\/li>\n<li>Prestige-voyages.com :\u00a0<a title=\"Voyage d&#039;exception\" href=\"https:\/\/www.prestige-voyages.com\/\" target=\"_blank\" rel=\"noopener noreferrer\">hotel luxe<\/a><\/li>\n<li>Voyage.canadaveo.com :\u00a0<a title=\"voyages et vacances au Canada\" href=\"https:\/\/www.marcovasco.fr\/amerique-du-nord\/canada\/\" target=\"_blank\" rel=\"noopener noreferrer\">Vacances canada<\/a><\/li>\n<li>R\u00e9server un h\u00f4tel pas cher en France gr\u00e2ce \u00e0\u00a0<a href=\"https:\/\/www.planigo.fr\/\" target=\"_blank\" rel=\"noopener noreferrer\">Planigo<\/a><\/li>\n<li>Autoweb-France.com :\u00a0<a title=\"fiches techniques de voitures et essais automobiles\" href=\"http:\/\/www.autoweb-france.com\/\" target=\"_blank\" rel=\"noopener noreferrer\">plus de 6000 fiches techniques de voitures et 290 essais automobiles d\u00e9taill\u00e9s<\/a><\/li>\n<li>Voyage.vietnamveo.com : site sp\u00e9cialiste du\u00a0<a title=\"Voyage Vietnam\" href=\"http:\/\/www.vietnamveo.com\/\" target=\"_blank\" rel=\"noopener noreferrer\">Voyage Vietnam<\/a><\/li>\n<li>Sejoursvoyages.com :\u00a0<a title=\"Voyage\" href=\"https:\/\/www.sejoursvoyages.com\/\" target=\"_blank\" rel=\"noopener noreferrer\">Vancances et voyages<\/a>\u00a0L&#8217;agence de voyage partenaire des tours op\u00e9rateurs pour preparer votre voyage selon votre rythme et vos moyens<\/li>\n<li>J-tchat.com : site de chat gratuit, sans aucun logiciel \u00e0 installer\u00a0<a title=\"tchatche\" href=\"https:\/\/www.j-tchat.com\/\" target=\"_blank\" rel=\"noopener noreferrer\">tchatche<\/a><\/li>\n<li>Taxilocation.fr : site de location de\u00a0<a title=\"taxilocation.fr\" href=\"http:\/\/www.taxilocation.fr\/\" target=\"_blank\" rel=\"noopener noreferrer\">voiture avec chauffeur en Belgique<\/a><\/li>\n<li>Automotoboutic : vente en ligne d&#8217;<a href=\"https:\/\/www.automotoboutic.com\/\" target=\"_blank\" rel=\"noopener noreferrer\">accessoires auto et moto, tapis auto, housse de si\u00e8ge<\/a>\u00a0et accessoires d&#8217;entretien auto moto<\/li>\n<li>S\u00e9jour sur mesure\u00a0: Portail de voyage sur mesure en Am\u00e9rique, Asie, Oc\u00e9anie, Afrique et Europe. Retrouvez des destinations incontournables pour un voyage exceptionnel.<\/li>\n<li>Circuit Chili\u00a0: Agence de voyage sp\u00e9cialiste du voyage sur mesure en Amerique. Argentinaveo organise votre s\u00e9jour ou circuit au Chili pour des vacances uniques et insolites.<\/li>\n<li>Voyage Br\u00e9sil\u00a0: Sp\u00e9cialiste du voyage sur mesure au Br\u00e9sil, Brazilveo vous propose des s\u00e9jours et circuits exceptionnels \u00e0 travers toute le Br\u00e9sil.<\/li>\n<li><a href=\"http:\/\/www.stamex.fr\/fr\/accueil\" target=\"_blank\" rel=\"noopener noreferrer\">Exporter sa marchandise<\/a>\u00a0: n\u00e9cessite de stocker, de passer les formalit\u00e9s douani\u00e8res, puis de l&#8217;acheminer. Stamex est sp\u00e9cialis\u00e9e dans ce service aux entreprises.<\/li>\n<li><a title=\"photographe mariage\" href=\"https:\/\/fredbayle-mariage.fr\/\" target=\"_blank\" rel=\"noopener noreferrer\">Photographe mariage<\/a>\u00a0: Fr\u00e9d\u00e9ric Bayle &#8211; Photographe de mariage de prestige &#8211; Paris, France et international.<\/li>\n<li>S\u2019informer avant de r\u00e9server un\u00a0<a href=\"http:\/\/www.viaprestige-lifestyle.com\/hotels-de-luxe\/\" target=\"_blank\" rel=\"noopener noreferrer\">hotel de luxe<\/a>\u00a0gr\u00e2ce \u00e0 Viaprestige Lifestyle : Guide exclusif des meilleurs hotels de luxe dans le monde.<\/li>\n<li>Envie d\u2019un s\u00e9jour \u00e0 Marrakech dans une villa de luxe ? Louer en toute s\u00e9r\u00e9nit\u00e9 gr\u00e2ce \u00e0 l\u2019exp\u00e9rience et au s\u00e9rieux d\u2019Emeline sp\u00e9cialiste en\u00a0<a href=\"https:\/\/marrakech.viaprestige-holidays.com\/\" target=\"_blank\" rel=\"noopener noreferrer\">location de villa \u00e0 Marrakech<\/a>.<\/li>\n<li><a title=\"photographe mariage\" href=\"https:\/\/www.jimage-in.com\/\" target=\"_blank\" rel=\"noopener noreferrer\">Photographe mariage<\/a>\u00a0: Photographe de Mariage est un collectif de Photographes independants passionnes par le Reportage et son ecriture si speciale.<\/li>\n<li><a title=\"voyages et vacances au Japon\" href=\"http:\/\/www.japanveo.com\/\" target=\"_blank\" rel=\"noopener noreferrer\">Voyage Japon<\/a>\u00a0: Agence specialiste du voyage sur mesure au Japon JapanVeo organise votre sejour pour des vacances d&#8217;exception<\/li>\n<li><a href=\"https:\/\/www.marcovasco.fr\/afrique\/maldives\/\" target=\"_blank\" rel=\"noopener noreferrer\">Voyage aux Maldives<\/a>\u00a0: Specialiste du voyage sur mesure aux Maldives. Maldivesveo organise votre sejour pour des vacances d&#8217;exception.<\/li>\n<li><a title=\"photographe de mariage\" href=\"http:\/\/www.sl-photographe.com\/\" target=\"_blank\" rel=\"noopener noreferrer\">Photographe de mariage<\/a>\u00a0: S\u00e9bastien Letourneur &#8211; Photographe Professionnel de Mariage &#8211; Paris|France|International &#8211; Reportages et livres de mariage prestigieux.<\/li>\n<li>Logiciel de facturation\u00a0: gestion de vos factures et devis, facturation en ligne, logiciel devis, logiciel de facturation.<\/li>\n<li>RSPhoto :\u00a0<a href=\"https:\/\/www.rsphoto.fr\/\" target=\"_blank\" rel=\"noopener noreferrer\">photographe mariage<\/a>\u00a0met \u00e0 profit son exp\u00e9rience pour immortaliser votre mariage.<\/li>\n<li>Buffalo Tours : Agence de\u00a0<a href=\"https:\/\/buffalotours.fr\/\" target=\"_blank\" rel=\"noopener noreferrer\">Voyage sur mesure Vietnam Laos Cambodge Tha\u00eflande<\/a>, vacances de luxe, s\u00e9jour \u00e0 th\u00e8me, tours et excursion \u00e0 la carte.<\/li>\n<li><a href=\"https:\/\/www.traindeluxe.com\/\" target=\"_blank\" rel=\"noopener noreferrer\">Voyages Trains avec Orient Express<\/a>\u00a0R\u00e9servation de voyages et de circuits en train de luxe en Europe, en Asie et en Afrique du Sud avec Orient Express, Rovos Rail, Transsiberian Express<\/li>\n<li>Photographe Mariage, Christophe Pasteur sp\u00e9cialis\u00e9 dans le photo reportage.<\/li>\n<li><a href=\"https:\/\/randocroisiere.fr\/\" target=\"_blank\" rel=\"noopener noreferrer\">Randonn\u00e9e solidaire en Cappadoce<\/a>, avec Trekdereve.<\/li>\n<li>Mariage photographes\u00a0animations traiteurs portail du mariage<\/li>\n<li><a title=\"R\u00e9cup\u00e9ration de points\" href=\"https:\/\/www.permisapoints.fr\/\" target=\"_blank\" rel=\"noopener noreferrer\">R\u00e9cup\u00e9ration de points<\/a>\u00a0: site de r\u00e9cup\u00e9ration de points pour votre permis<\/li>\n<li><a href=\"https:\/\/www.marcovasco.fr\/nos-voyages-de-noces.html\" target=\"_blank\" rel=\"noopener noreferrer\">Anniversaire de mariage<\/a>\u00a0: pour un voyage de noce inoubliable<\/li>\n<li><a title=\"Voyage Perou\" href=\"https:\/\/www.peruveo.com\/\" target=\"_blank\" rel=\"noopener noreferrer\">Voyage Perou<\/a><\/li>\n<li><a title=\"Voyages sur mesures argentine\" href=\"https:\/\/www.marcovasco.fr\/amerique-latine\/argentine\/\" target=\"_blank\" rel=\"noopener noreferrer\">Voyages sur mesures argentine<\/a><\/li>\n<li><a title=\"SejourCosta Rica\" href=\"https:\/\/www.marcovasco.fr\/amerique-latine\/costarica\/\" target=\"_blank\" rel=\"noopener noreferrer\">Sejour Costa Rica<\/a><\/li>\n<li>Auto IES :\u00a0<a href=\"https:\/\/www.auto-ies.com\/\" target=\"_blank\" rel=\"noopener noreferrer\">Mandataire auto<\/a><\/li>\n<li>Pneus kelly :\u00a0<a href=\"http:\/\/www.unipneu.com\/fr\/selector\/search-by-make\" target=\"_blank\" rel=\"noopener noreferrer\">Unipneu.com<\/a>\u00a0propose les meilleures marques de pneus d&#8217;hiver, d&#8217;\u00e9t\u00e9 ou 4 saisons. C&#8217;est le plus grand r\u00e9seau de professionnel du pneu au Qu\u00e9bec<\/li>\n<li><a href=\"https:\/\/www.autos-discount.fr\/\" target=\"_blank\" rel=\"noopener noreferrer\">Mandataire automobile<\/a>\u00a0: JMP Autos, sp\u00e9cialiste de la vente de voitures neuves ou d\u2019occasion \u00e0 Lille<\/li>\n<li><span class=\"s1\"><a href=\"https:\/\/stoneleaf.fr\/\" target=\"_blank\" rel=\"noopener noreferrer\">Rev\u00eatement en pierre naturelle<\/a><\/span><span class=\"s2\">\u00a0: Stoneleaf, cr\u00e9ateur de feuille de pierre naturelle pour une d\u00e9coration tendance<\/span><\/li>\n<li><span class=\"s1\"><a href=\"https:\/\/www.vtc-solutions.com\/\" target=\"_blank\" rel=\"noopener noreferrer\">Centre de formation agr\u00e9\u00e9 VTC \u00e0 Paris<\/a><\/span><span class=\"s2\">\u00a0: VTC Solutions dispense toutes les formations n\u00e9cessaires pour devenir chauffeur de voiture de transport<\/span><\/li>\n<li><a title=\"H\u00f4tel \u00e0 Paris\" href=\"https:\/\/www.hotelaparis.com\/\" target=\"_blank\" rel=\"noopener noreferrer\">H\u00f4tel \u00e0 Paris<\/a>\u00a0est le meilleur site pour trouver, comparer et r\u00e9server un h\u00f4tel \u00e0 Paris. Du 2 au 5 \u00e9toiles en passant par les plus beaux Palaces et les meilleurs h\u00f4tels avec Spa, vous pourrez r\u00e9server facilement un h\u00f4tel parmi plus de 1500 r\u00e9f\u00e9rences.<\/li>\n<\/ul>\n<p>&nbsp;<\/p>\n","protected":false},"excerpt":{"rendered":"<p>&nbsp; EcoloRent, location de voiture \u00e9cologique, hybride, avec ou sans chauffeur :\u00a0www.location-voiture-ecologique.com Ebullitions.com, guide de restaurants \u00e0 Paris :\u00a0www.ebullitions.com Autobhl, mandataire automobile \u00e0 proximit\u00e9 de Lille AAR Croisi\u00e8re, Croisi\u00e8res discount et croisi\u00e8res de luxe :\u00a0www.aarcroisiere.com Voyagidees.com :\u00a0votre Guide de voyage LuxeMilliardaire.com :\u00a0blog d\u00e9di\u00e9 au monde du luxe, des multi-millionnaires et milliardaires de ce monde Oxygene-ski [&hellip;]<\/p>\n","protected":false},"author":1,"featured_media":0,"parent":0,"menu_order":0,"comment_status":"closed","ping_status":"closed","template":"template-generique.php","meta":{"_acf_changed":false,"footnotes":""},"class_list":["post-24062","page","type-page","status-publish","hentry"],"acf":[],"yoast_head":"<!-- This site is optimized with the Yoast SEO plugin v26.9 - https:\/\/yoast.com\/product\/yoast-seo-wordpress\/ -->\n<title>Reseau &#171; Luxury Club<\/title>\n<meta name=\"robots\" content=\"index, follow, max-snippet:-1, max-image-preview:large, max-video-preview:-1\" \/>\n<link rel=\"canonical\" href=\"https:\/\/www.luxury-club.fr\/en\/reseau\/\" \/>\n<meta property=\"og:locale\" content=\"en_US\" \/>\n<meta property=\"og:type\" content=\"article\" \/>\n<meta property=\"og:title\" content=\"Reseau &#171; Luxury Club\" \/>\n<meta property=\"og:description\" content=\"&nbsp; EcoloRent, location de voiture \u00e9cologique, hybride, avec ou sans chauffeur :\u00a0www.location-voiture-ecologique.com Ebullitions.com, guide de restaurants \u00e0 Paris :\u00a0www.ebullitions.com Autobhl, mandataire automobile \u00e0 proximit\u00e9 de Lille AAR Croisi\u00e8re, Croisi\u00e8res discount et croisi\u00e8res de luxe :\u00a0www.aarcroisiere.com Voyagidees.com :\u00a0votre Guide de voyage LuxeMilliardaire.com :\u00a0blog d\u00e9di\u00e9 au monde du luxe, des multi-millionnaires et milliardaires de ce monde Oxygene-ski [&hellip;]\" \/>\n<meta property=\"og:url\" content=\"https:\/\/www.luxury-club.fr\/en\/reseau\/\" \/>\n<meta property=\"og:site_name\" content=\"Luxury Club\" \/>\n<meta property=\"og:image\" content=\"https:\/\/www.luxury-club.fr\/wp-content\/uploads\/2020\/01\/lamborghini_huracan_evo_spyder_1-scaled.jpg\" \/>\n\t<meta property=\"og:image:width\" content=\"2560\" \/>\n\t<meta property=\"og:image:height\" content=\"1707\" \/>\n\t<meta property=\"og:image:type\" content=\"image\/jpeg\" \/>\n<meta name=\"twitter:card\" content=\"summary_large_image\" \/>\n<meta name=\"twitter:label1\" content=\"Est. reading time\" \/>\n\t<meta name=\"twitter:data1\" content=\"4 minutes\" \/>\n<script type=\"application\/ld+json\" class=\"yoast-schema-graph\">{\"@context\":\"https:\/\/schema.org\",\"@graph\":[{\"@type\":\"WebPage\",\"@id\":\"https:\/\/www.luxury-club.fr\/en\/reseau\/\",\"url\":\"https:\/\/www.luxury-club.fr\/en\/reseau\/\",\"name\":\"Reseau &#171; Luxury Club\",\"isPartOf\":{\"@id\":\"https:\/\/www.luxury-club.fr\/en\/#website\"},\"datePublished\":\"2020-01-30T13:59:36+00:00\",\"breadcrumb\":{\"@id\":\"https:\/\/www.luxury-club.fr\/en\/reseau\/#breadcrumb\"},\"inLanguage\":\"en-US\",\"potentialAction\":[{\"@type\":\"ReadAction\",\"target\":[\"https:\/\/www.luxury-club.fr\/en\/reseau\/\"]}]},{\"@type\":\"BreadcrumbList\",\"@id\":\"https:\/\/www.luxury-club.fr\/en\/reseau\/#breadcrumb\",\"itemListElement\":[{\"@type\":\"ListItem\",\"position\":1,\"name\":\"Location de voitures de luxe\",\"item\":\"https:\/\/www.luxury-club.fr\/en\/\"},{\"@type\":\"ListItem\",\"position\":2,\"name\":\"Reseau\"}]},{\"@type\":\"WebSite\",\"@id\":\"https:\/\/www.luxury-club.fr\/en\/#website\",\"url\":\"https:\/\/www.luxury-club.fr\/en\/\",\"name\":\"Luxury Club\",\"description\":\"\",\"publisher\":{\"@id\":\"https:\/\/www.luxury-club.fr\/en\/#organization\"},\"potentialAction\":[{\"@type\":\"SearchAction\",\"target\":{\"@type\":\"EntryPoint\",\"urlTemplate\":\"https:\/\/www.luxury-club.fr\/en\/?s={search_term_string}\"},\"query-input\":{\"@type\":\"PropertyValueSpecification\",\"valueRequired\":true,\"valueName\":\"search_term_string\"}}],\"inLanguage\":\"en-US\"},{\"@type\":\"Organization\",\"@id\":\"https:\/\/www.luxury-club.fr\/en\/#organization\",\"name\":\"Luxury Club\",\"url\":\"https:\/\/www.luxury-club.fr\/en\/\",\"logo\":{\"@type\":\"ImageObject\",\"inLanguage\":\"en-US\",\"@id\":\"https:\/\/www.luxury-club.fr\/en\/#\/schema\/logo\/image\/\",\"url\":\"https:\/\/www.luxury-club.fr\/wp-content\/uploads\/2019\/12\/cropped-logo_lc-e1575964474101.png\",\"contentUrl\":\"https:\/\/www.luxury-club.fr\/wp-content\/uploads\/2019\/12\/cropped-logo_lc-e1575964474101.png\",\"width\":462,\"height\":103,\"caption\":\"Luxury Club\"},\"image\":{\"@id\":\"https:\/\/www.luxury-club.fr\/en\/#\/schema\/logo\/image\/\"}}]}<\/script>\n<!-- \/ Yoast SEO plugin. -->","yoast_head_json":{"title":"Reseau &#171; Luxury Club","robots":{"index":"index","follow":"follow","max-snippet":"max-snippet:-1","max-image-preview":"max-image-preview:large","max-video-preview":"max-video-preview:-1"},"canonical":"https:\/\/www.luxury-club.fr\/en\/reseau\/","og_locale":"en_US","og_type":"article","og_title":"Reseau &#171; Luxury Club","og_description":"&nbsp; EcoloRent, location de voiture \u00e9cologique, hybride, avec ou sans chauffeur :\u00a0www.location-voiture-ecologique.com Ebullitions.com, guide de restaurants \u00e0 Paris :\u00a0www.ebullitions.com Autobhl, mandataire automobile \u00e0 proximit\u00e9 de Lille AAR Croisi\u00e8re, Croisi\u00e8res discount et croisi\u00e8res de luxe :\u00a0www.aarcroisiere.com Voyagidees.com :\u00a0votre Guide de voyage LuxeMilliardaire.com :\u00a0blog d\u00e9di\u00e9 au monde du luxe, des multi-millionnaires et milliardaires de ce monde Oxygene-ski [&hellip;]","og_url":"https:\/\/www.luxury-club.fr\/en\/reseau\/","og_site_name":"Luxury Club","og_image":[{"width":2560,"height":1707,"url":"https:\/\/www.luxury-club.fr\/wp-content\/uploads\/2020\/01\/lamborghini_huracan_evo_spyder_1-scaled.jpg","type":"image\/jpeg"}],"twitter_card":"summary_large_image","twitter_misc":{"Est. reading time":"4 minutes"},"schema":{"@context":"https:\/\/schema.org","@graph":[{"@type":"WebPage","@id":"https:\/\/www.luxury-club.fr\/en\/reseau\/","url":"https:\/\/www.luxury-club.fr\/en\/reseau\/","name":"Reseau &#171; Luxury Club","isPartOf":{"@id":"https:\/\/www.luxury-club.fr\/en\/#website"},"datePublished":"2020-01-30T13:59:36+00:00","breadcrumb":{"@id":"https:\/\/www.luxury-club.fr\/en\/reseau\/#breadcrumb"},"inLanguage":"en-US","potentialAction":[{"@type":"ReadAction","target":["https:\/\/www.luxury-club.fr\/en\/reseau\/"]}]},{"@type":"BreadcrumbList","@id":"https:\/\/www.luxury-club.fr\/en\/reseau\/#breadcrumb","itemListElement":[{"@type":"ListItem","position":1,"name":"Location de voitures de luxe","item":"https:\/\/www.luxury-club.fr\/en\/"},{"@type":"ListItem","position":2,"name":"Reseau"}]},{"@type":"WebSite","@id":"https:\/\/www.luxury-club.fr\/en\/#website","url":"https:\/\/www.luxury-club.fr\/en\/","name":"Luxury Club","description":"","publisher":{"@id":"https:\/\/www.luxury-club.fr\/en\/#organization"},"potentialAction":[{"@type":"SearchAction","target":{"@type":"EntryPoint","urlTemplate":"https:\/\/www.luxury-club.fr\/en\/?s={search_term_string}"},"query-input":{"@type":"PropertyValueSpecification","valueRequired":true,"valueName":"search_term_string"}}],"inLanguage":"en-US"},{"@type":"Organization","@id":"https:\/\/www.luxury-club.fr\/en\/#organization","name":"Luxury Club","url":"https:\/\/www.luxury-club.fr\/en\/","logo":{"@type":"ImageObject","inLanguage":"en-US","@id":"https:\/\/www.luxury-club.fr\/en\/#\/schema\/logo\/image\/","url":"https:\/\/www.luxury-club.fr\/wp-content\/uploads\/2019\/12\/cropped-logo_lc-e1575964474101.png","contentUrl":"https:\/\/www.luxury-club.fr\/wp-content\/uploads\/2019\/12\/cropped-logo_lc-e1575964474101.png","width":462,"height":103,"caption":"Luxury Club"},"image":{"@id":"https:\/\/www.luxury-club.fr\/en\/#\/schema\/logo\/image\/"}}]}},"_links":{"self":[{"href":"https:\/\/www.luxury-club.fr\/en\/wp-json\/wp\/v2\/pages\/24062","targetHints":{"allow":["GET"]}}],"collection":[{"href":"https:\/\/www.luxury-club.fr\/en\/wp-json\/wp\/v2\/pages"}],"about":[{"href":"https:\/\/www.luxury-club.fr\/en\/wp-json\/wp\/v2\/types\/page"}],"author":[{"embeddable":true,"href":"https:\/\/www.luxury-club.fr\/en\/wp-json\/wp\/v2\/users\/1"}],"replies":[{"embeddable":true,"href":"https:\/\/www.luxury-club.fr\/en\/wp-json\/wp\/v2\/comments?post=24062"}],"version-history":[{"count":0,"href":"https:\/\/www.luxury-club.fr\/en\/wp-json\/wp\/v2\/pages\/24062\/revisions"}],"wp:attachment":[{"href":"https:\/\/www.luxury-club.fr\/en\/wp-json\/wp\/v2\/media?parent=24062"}],"curies":[{"name":"wp","href":"https:\/\/api.w.org\/{rel}","templated":true}]}}